{"id":1777,"date":"2025-01-30T18:13:59","date_gmt":"2025-01-30T17:13:59","guid":{"rendered":"https:\/\/www.eadtrust.eu\/about-us\/team\/julian-inza\/"},"modified":"2025-06-11T15:51:13","modified_gmt":"2025-06-11T13:51:13","slug":"julian-inza","status":"publish","type":"page","link":"https:\/\/www.eadtrust.eu\/en\/about-us\/team\/julian-inza\/","title":{"rendered":"Juli\u00e1n Inza"},"content":{"rendered":"<div class=\"vce-row-container\"><div class=\"vce-row vce-element--has-background vce-row--col-gap-30 vce-row-equal-height vce-row-content--top\" data-vce-full-width=\"true\" data-vce-stretch-content=\"true\" id=\"el-6af0fa2a\" data-vce-do-apply=\"all el-6af0fa2a\"><div class=\"vce-content-background-container\"><div class=\"vce-asset-background-simple-container vce-visible-all-only vce-asset-background-simple--style-cover vce-asset-background-simple--position-center-center\"><div class=\"vce-asset-background-simple\">\n              <div class=\"vce-asset-background-simple-item vcv-lozad\" data-background-image=\"https:\/\/www.eadtrust.eu\/wp-content\/uploads\/2025\/01\/Rectangulo-2660.png\"><\/div>\n              <noscript>\n                <div class=\"vce-asset-background-simple-item\" style=\"background-image: url(https:\/\/www.eadtrust.eu\/wp-content\/uploads\/2025\/01\/Rectangulo-2660.png)\"><\/div>\n              <\/noscript>\n            <\/div><\/div><\/div><div class=\"vce-row-content\" data-vce-element-content=\"true\"><div class=\"vce-col vce-col--md-auto vce-col--xs-1 vce-col--xs-last vce-col--xs-first vce-col--sm-last vce-col--sm-first vce-col--md-last vce-col--lg-last vce-col--xl-last vce-col--md-first vce-col--lg-first vce-col--xl-first\" id=\"el-c85d5c0a\"><div class=\"vce-col-inner\" data-vce-do-apply=\"border margin background  el-c85d5c0a\"><div class=\"vce-col-content\" data-vce-element-content=\"true\" data-vce-do-apply=\"padding el-c85d5c0a\"><div class=\"vce-text-block\"><div class=\"vce-text-block-wrapper vce\" id=\"el-c81e0547\" data-vce-do-apply=\"all el-c81e0547\"><h1 style=\"line-height: 0.75;\">Team<\/h1><\/div><\/div><\/div><\/div><\/div><\/div><\/div><\/div><div class=\"vce-row-container\"><div class=\"vce-row vce-element--has-background vce-row--col-gap-30 vce-row-equal-height vce-row-content--top\" data-vce-full-width=\"true\" data-vce-stretch-content=\"true\" id=\"el-04bb479f\" data-vce-do-apply=\"all el-04bb479f\"><div class=\"vce-content-background-container\"><\/div><div class=\"vce-row-content\" data-vce-element-content=\"true\"><div class=\"vce-col vce-col--md-auto vce-col--xs-1 vce-col--xs-last vce-col--xs-first vce-col--sm-last vce-col--sm-first vce-col--md-last vce-col--lg-last vce-col--xl-last vce-col--md-first vce-col--lg-first vce-col--xl-first\" id=\"el-ae736cad\"><div class=\"vce-col-inner\" data-vce-do-apply=\"border margin background  el-ae736cad\"><div class=\"vce-content-background-container\"><\/div><div class=\"vce-col-content\" data-vce-element-content=\"true\" data-vce-do-apply=\"padding el-ae736cad\"><div class=\"vce-raw-html\"><div class=\"vce-raw-html-wrapper\" id=\"el-1c927819\" data-vce-do-apply=\"all el-1c927819\"><span><span><a href=\"https:\/\/www.eadtrust.eu\/en\/\">Inicio<\/a><\/span><\/span><\/div><\/div><\/div><\/div><\/div><\/div><\/div><\/div><div class=\"vce-row-container\"><div class=\"vce-row vce-element--xl--has-background vce-element--lg--has-background vce-element--md--has-background vce-element--sm--has-background vce-element--xs--has-background vce-row--col-gap-40 vce-row-equal-height vce-row-content--top\" data-vce-full-width=\"true\" data-vce-stretch-content=\"true\" id=\"el-c87701b3\" data-vce-do-apply=\"all el-c87701b3\"><div class=\"vce-content-background-container\"><\/div><div class=\"vce-row-content\" data-vce-element-content=\"true\"><div class=\"vce-col vce-col--xs-100p vce-col--xs-visible vce-col--xs-last vce-col--xs-first vce-col--sm-100p vce-col--sm-visible vce-col--sm-last vce-col--sm-first vce-col--md-100p vce-col--md-visible vce-col--md-last vce-col--md-first vce-col--lg-33-33p vce-col--lg-visible vce-col--lg-first vce-col--xl-33-33p vce-col--xl-visible vce-col--xl-first\" id=\"el-aa70f315\"><div class=\"vce-col-inner\" data-vce-do-apply=\"border margin background  el-aa70f315\"><div class=\"vce-col-content\" data-vce-element-content=\"true\" data-vce-do-apply=\"padding el-aa70f315\"><div class=\"vce-single-image-container vce-single-image--align-center\"><div class=\"vce vce-single-image-wrapper\" id=\"el-1ec3b1e1\" data-vce-do-apply=\"all el-1ec3b1e1\"><figure><div class=\"vce-single-image-figure-inner\" style=\"width: 1024px;\"><div class=\"vce-single-image-inner vce-single-image--absolute\" style=\"width: 100%; padding-bottom: 66.7969%;\"><img loading=\"lazy\" decoding=\"async\" class=\"vce-single-image\"  width=\"1024\" height=\"684\" srcset=\"https:\/\/www.eadtrust.eu\/wp-content\/uploads\/2025\/05\/Julia\u2560un-04-1024x684.jpg 1024w, https:\/\/www.eadtrust.eu\/wp-content\/uploads\/2025\/05\/Julia\u2560un-04-2048x1368.jpg 2x, https:\/\/www.eadtrust.eu\/wp-content\/uploads\/2025\/05\/Julia\u2560un-04-320x214.jpg 320w, https:\/\/www.eadtrust.eu\/wp-content\/uploads\/2025\/05\/Julia\u2560un-04-480x321.jpg 480w, https:\/\/www.eadtrust.eu\/wp-content\/uploads\/2025\/05\/Julia\u2560un-04-800x534.jpg 800w\" src=\"https:\/\/www.eadtrust.eu\/wp-content\/uploads\/2025\/05\/Julia\u2560un-04-1024x684.jpg\" data-img-src=\"https:\/\/www.eadtrust.eu\/wp-content\/uploads\/2025\/05\/Julia\u2560un-04-scaled.jpg\" data-attachment-id=\"3715\"  alt=\"Juli\u00e1n Inza perfil\" title=\"Julia\u2560\u00fcn-04\" \/><\/div><\/div><figcaption hidden=\"\"><\/figcaption><\/figure><\/div><\/div><div class=\"vce-raw-html\"><div class=\"vce-raw-html-wrapper\" id=\"el-e0d412e3\" data-vce-do-apply=\"all el-e0d412e3\"><div class=\"upper-links-wrapper\">\n\t<a class=\"upper-link\" target=\"_blank\" href=\"https:\/\/inza.blog\/\">\n\t\t<img decoding=\"async\" class=\"upper-link-icon\" src=\"\/wp-content\/uploads\/2024\/12\/icono-text.png\">\n\t\t<div class=\"upper-link-text\">\n\t\t\tJuli\u00e1n Inza Blog\n\t\t<\/div>\n\t\t<div class=\"upper-link-arrow-wrapper\">\n\t\t\t<img decoding=\"async\" class=\"upper-link-arrow\" src=\"\/wp-content\/uploads\/2024\/12\/arrow-right.png\">\n\t\t<\/div>\n\t<\/a>\n<\/div><\/div><\/div><\/div><\/div><\/div><div class=\"vce-col vce-col--xs-100p vce-col--xs-visible vce-col--xs-last vce-col--xs-first vce-col--sm-100p vce-col--sm-visible vce-col--sm-last vce-col--sm-first vce-col--md-100p vce-col--md-visible vce-col--md-last vce-col--md-first vce-col--lg-65p vce-col--lg-visible vce-col--lg-last vce-col--xl-65p vce-col--xl-visible vce-col--xl-last\" id=\"el-1d8bf986\"><div class=\"vce-col-inner\" data-vce-do-apply=\"border margin background  el-1d8bf986\"><div class=\"vce-col-content\" data-vce-element-content=\"true\" data-vce-do-apply=\"padding el-1d8bf986\"><div class=\"vce-text-block\"><div class=\"vce-text-block-wrapper vce\" id=\"el-86c80aa3\" data-vce-do-apply=\"all el-86c80aa3\"><h2 style=\"line-height: inherit; text-align: left;\">Juli\u00e1n Inza<\/h2><\/div><\/div><div class=\"vce-text-block\"><div class=\"vce-text-block-wrapper vce\" id=\"el-fe9eee4c\" data-vce-do-apply=\"all el-fe9eee4c\"><p style=\"line-height: 1; text-align: left;\"><span style=\"font-family: helvetica, arial, sans-serif; font-size: 10pt;\">Juli\u00e1n Inza, founder and chairman of EADTrust, is an expert in qualified trust services and a highly regarded professional in the sector.<\/span><\/p><\/div><\/div><div class=\"vce-text-block\"><div class=\"vce-text-block-wrapper vce\" id=\"el-709d3e5a\" data-vce-do-apply=\"all el-709d3e5a\"><h3>Career<\/h3><\/div><\/div><div class=\"vce-text-block\"><div class=\"vce-text-block-wrapper vce\" id=\"el-2744a3cb\" data-vce-do-apply=\"all el-2744a3cb\"><p style=\"line-height: 1;\"><span style=\"font-family: helvetica, arial, sans-serif; font-size: 10pt;\">Julian pioneered the digitalization of financial institutions: at Banesto he designed the first electronic banking system in Spain back in 1995, as well as the first virtual POS terminal and the first certification authority. He was also vice president of Mobipay International, the first company in the world to create mobile payment systems.  <\/span><\/p>\n<p style=\"line-height: 1;\"><span style=\"font-family: helvetica, arial, sans-serif; font-size: 10pt;\">He worked for more than 9 years on modernizing the justice system, collaborating with the Directorate-General for Digital Transformation of the Justice System and the State Technical Committee for the Electronic Justice System (CTEAJE). <\/span><\/p>\n<p style=\"line-height: 1;\"><span style=\"font-family: helvetica, arial, sans-serif; font-size: 10pt;\">At EADTrust, Juli\u00e1n leverages all his knowledge and expertise to ensure our digital trust solutions meet the highest standards of digital certification and preventive legal certainty.<\/span><\/p>\n<\/div><\/div><div class=\"vce-text-block\"><div class=\"vce-text-block-wrapper vce\" id=\"el-db72c1e0\" data-vce-do-apply=\"all el-db72c1e0\"><h3>Membership of institutions and technical committees<\/h3>\n<\/div><\/div><div class=\"vce-text-block\"><div class=\"vce-text-block-wrapper vce\" id=\"el-30bdd5e3\" data-vce-do-apply=\"all el-30bdd5e3\"><p style=\"line-height: 1;\"><span style=\"font-family: helvetica, arial, sans-serif; font-size: 10pt;\"> Julian is a member of the management board of AMETIC (the association representing the digital industry sector in Spain) and is currently the chairman of AMETIC\u2019s Blockchain Committee. He is also a member of UNE (ISO) Standardization Committee CTN 71\/SC 307 - blockchain and distributed ledger technologies, and an adviser on identity to the Global Legaltech Hub (GLTH) Advisory Board. <\/span><\/p>\n<\/div><\/div><div class=\"vce-text-block\"><div class=\"vce-text-block-wrapper vce\" id=\"el-27ee0be4\" data-vce-do-apply=\"all el-27ee0be4\"><h3> Academic background and certifications<\/h3>\n<\/div><\/div><div class=\"vce-text-block\"><div class=\"vce-text-block-wrapper vce\" id=\"el-3da3b41b\" data-vce-do-apply=\"all el-3da3b41b\"><p style=\"line-height: 1;\"><span style=\"font-family: helvetica, arial, sans-serif; font-size: 10pt;\">He has a degree in Telecommunications Engineering from Universidad Polit\u00e9cnica de Madrid (1988) and holds Information Systems Audit and Control Association (ISACA) certifications as a Certified Information System Auditor (CISA) and a Certified Data Privacy Solutions Engineer (CDPSE).<\/span><\/p>\n<\/div><\/div><div class=\"vce-text-block\"><div class=\"vce-text-block-wrapper vce\" id=\"el-fa13b017\" data-vce-do-apply=\"all el-fa13b017\"><h3>Teaching activities<\/h3>\n<\/div><\/div><div class=\"vce-text-block\"><div class=\"vce-text-block-wrapper vce\" id=\"el-98412e7f\" data-vce-do-apply=\"all el-98412e7f\"><p style=\"line-height: 1;\"><span style=\"font-family: helvetica, arial, sans-serif; font-size: 10pt;\"> Juli\u00e1n provides training for the eIDAS auditor certification and has taught on numerous courses in the areas of cryptography, innovation and emerging technologies. <\/span><\/p>\n<\/div><\/div><\/div><\/div><\/div><\/div><\/div><\/div>\n","protected":false},"excerpt":{"rendered":"<p>Team Juli\u00e1n Inza Blog Juli\u00e1n InzaJuli\u00e1n Inza, founder and chairman of EADTrust, is an expert in qualified trust services and a highly regarded professional in the sector.CareerJulian pioneered the digitalization of financial institutions: at Banesto he designed the first electronic banking system in Spain back in 1995, as well as the first virtual POS terminal [&hellip;]<\/p>\n","protected":false},"author":1,"featured_media":0,"parent":1773,"menu_order":0,"comment_status":"closed","ping_status":"closed","template":"","meta":{"footnotes":""},"class_list":["post-1777","page","type-page","status-publish","hentry"],"yoast_head":"<!-- This site is optimized with the Yoast SEO plugin v25.2 - https:\/\/yoast.com\/wordpress\/plugins\/seo\/ -->\n<title>Juli\u00e1n Inza - EADTrust<\/title>\n<meta name=\"robots\" content=\"index, follow, max-snippet:-1, max-image-preview:large, max-video-preview:-1\" \/>\n<link rel=\"canonical\" href=\"https:\/\/www.eadtrust.eu\/en\/about-us\/team\/julian-inza\/\" \/>\n<meta property=\"og:locale\" content=\"en_US\" \/>\n<meta property=\"og:type\" content=\"article\" \/>\n<meta property=\"og:title\" content=\"Juli\u00e1n Inza - EADTrust\" \/>\n<meta property=\"og:description\" content=\"Team Juli\u00e1n Inza Blog Juli\u00e1n InzaJuli\u00e1n Inza, founder and chairman of EADTrust, is an expert in qualified trust services and a highly regarded professional in the sector.CareerJulian pioneered the digitalization of financial institutions: at Banesto he designed the first electronic banking system in Spain back in 1995, as well as the first virtual POS terminal [&hellip;]\" \/>\n<meta property=\"og:url\" content=\"https:\/\/www.eadtrust.eu\/en\/about-us\/team\/julian-inza\/\" \/>\n<meta property=\"og:site_name\" content=\"EADTrust\" \/>\n<meta property=\"article:modified_time\" content=\"2025-06-11T13:51:13+00:00\" \/>\n<meta name=\"twitter:card\" content=\"summary_large_image\" \/>\n<meta name=\"twitter:label1\" content=\"Est. reading time\" \/>\n\t<meta name=\"twitter:data1\" content=\"1 minute\" \/>\n<script type=\"application\/ld+json\" class=\"yoast-schema-graph\">{\"@context\":\"https:\/\/schema.org\",\"@graph\":[{\"@type\":\"WebPage\",\"@id\":\"https:\/\/www.eadtrust.eu\/en\/about-us\/team\/julian-inza\/\",\"url\":\"https:\/\/www.eadtrust.eu\/en\/about-us\/team\/julian-inza\/\",\"name\":\"Juli\u00e1n Inza - EADTrust\",\"isPartOf\":{\"@id\":\"https:\/\/www.eadtrust.eu\/en\/#website\"},\"datePublished\":\"2025-01-30T17:13:59+00:00\",\"dateModified\":\"2025-06-11T13:51:13+00:00\",\"breadcrumb\":{\"@id\":\"https:\/\/www.eadtrust.eu\/en\/about-us\/team\/julian-inza\/#breadcrumb\"},\"inLanguage\":\"en-US\",\"potentialAction\":[{\"@type\":\"ReadAction\",\"target\":[\"https:\/\/www.eadtrust.eu\/en\/about-us\/team\/julian-inza\/\"]}]},{\"@type\":\"BreadcrumbList\",\"@id\":\"https:\/\/www.eadtrust.eu\/en\/about-us\/team\/julian-inza\/#breadcrumb\",\"itemListElement\":[{\"@type\":\"ListItem\",\"position\":1,\"name\":\"Inicio\",\"item\":\"https:\/\/www.eadtrust.eu\/en\/\"},{\"@type\":\"ListItem\",\"position\":2,\"name\":\"About us\",\"item\":\"https:\/\/www.eadtrust.eu\/en\/about-us\/\"},{\"@type\":\"ListItem\",\"position\":3,\"name\":\"Team\",\"item\":\"https:\/\/www.eadtrust.eu\/en\/about-us\/team\/\"},{\"@type\":\"ListItem\",\"position\":4,\"name\":\"Juli\u00e1n Inza\"}]},{\"@type\":\"WebSite\",\"@id\":\"https:\/\/www.eadtrust.eu\/en\/#website\",\"url\":\"https:\/\/www.eadtrust.eu\/en\/\",\"name\":\"EADTrust\",\"description\":\"Prestador de Servicios Cualificados\",\"publisher\":{\"@id\":\"https:\/\/www.eadtrust.eu\/en\/#organization\"},\"potentialAction\":[{\"@type\":\"SearchAction\",\"target\":{\"@type\":\"EntryPoint\",\"urlTemplate\":\"https:\/\/www.eadtrust.eu\/en\/?s={search_term_string}\"},\"query-input\":{\"@type\":\"PropertyValueSpecification\",\"valueRequired\":true,\"valueName\":\"search_term_string\"}}],\"inLanguage\":\"en-US\"},{\"@type\":\"Organization\",\"@id\":\"https:\/\/www.eadtrust.eu\/en\/#organization\",\"name\":\"EADTrust\",\"url\":\"https:\/\/www.eadtrust.eu\/en\/\",\"logo\":{\"@type\":\"ImageObject\",\"inLanguage\":\"en-US\",\"@id\":\"https:\/\/www.eadtrust.eu\/en\/#\/schema\/logo\/image\/\",\"url\":\"https:\/\/www.eadtrust.eu\/wp-content\/uploads\/2025\/02\/LOGO-POSITIVO-EAD-VERTICAL.png\",\"contentUrl\":\"https:\/\/www.eadtrust.eu\/wp-content\/uploads\/2025\/02\/LOGO-POSITIVO-EAD-VERTICAL.png\",\"width\":838,\"height\":806,\"caption\":\"EADTrust\"},\"image\":{\"@id\":\"https:\/\/www.eadtrust.eu\/en\/#\/schema\/logo\/image\/\"}}]}<\/script>\n<!-- \/ Yoast SEO plugin. -->","yoast_head_json":{"title":"Juli\u00e1n Inza - EADTrust","robots":{"index":"index","follow":"follow","max-snippet":"max-snippet:-1","max-image-preview":"max-image-preview:large","max-video-preview":"max-video-preview:-1"},"canonical":"https:\/\/www.eadtrust.eu\/en\/about-us\/team\/julian-inza\/","og_locale":"en_US","og_type":"article","og_title":"Juli\u00e1n Inza - EADTrust","og_description":"Team Juli\u00e1n Inza Blog Juli\u00e1n InzaJuli\u00e1n Inza, founder and chairman of EADTrust, is an expert in qualified trust services and a highly regarded professional in the sector.CareerJulian pioneered the digitalization of financial institutions: at Banesto he designed the first electronic banking system in Spain back in 1995, as well as the first virtual POS terminal [&hellip;]","og_url":"https:\/\/www.eadtrust.eu\/en\/about-us\/team\/julian-inza\/","og_site_name":"EADTrust","article_modified_time":"2025-06-11T13:51:13+00:00","twitter_card":"summary_large_image","twitter_misc":{"Est. reading time":"1 minute"},"schema":{"@context":"https:\/\/schema.org","@graph":[{"@type":"WebPage","@id":"https:\/\/www.eadtrust.eu\/en\/about-us\/team\/julian-inza\/","url":"https:\/\/www.eadtrust.eu\/en\/about-us\/team\/julian-inza\/","name":"Juli\u00e1n Inza - EADTrust","isPartOf":{"@id":"https:\/\/www.eadtrust.eu\/en\/#website"},"datePublished":"2025-01-30T17:13:59+00:00","dateModified":"2025-06-11T13:51:13+00:00","breadcrumb":{"@id":"https:\/\/www.eadtrust.eu\/en\/about-us\/team\/julian-inza\/#breadcrumb"},"inLanguage":"en-US","potentialAction":[{"@type":"ReadAction","target":["https:\/\/www.eadtrust.eu\/en\/about-us\/team\/julian-inza\/"]}]},{"@type":"BreadcrumbList","@id":"https:\/\/www.eadtrust.eu\/en\/about-us\/team\/julian-inza\/#breadcrumb","itemListElement":[{"@type":"ListItem","position":1,"name":"Inicio","item":"https:\/\/www.eadtrust.eu\/en\/"},{"@type":"ListItem","position":2,"name":"About us","item":"https:\/\/www.eadtrust.eu\/en\/about-us\/"},{"@type":"ListItem","position":3,"name":"Team","item":"https:\/\/www.eadtrust.eu\/en\/about-us\/team\/"},{"@type":"ListItem","position":4,"name":"Juli\u00e1n Inza"}]},{"@type":"WebSite","@id":"https:\/\/www.eadtrust.eu\/en\/#website","url":"https:\/\/www.eadtrust.eu\/en\/","name":"EADTrust","description":"Prestador de Servicios Cualificados","publisher":{"@id":"https:\/\/www.eadtrust.eu\/en\/#organization"},"potentialAction":[{"@type":"SearchAction","target":{"@type":"EntryPoint","urlTemplate":"https:\/\/www.eadtrust.eu\/en\/?s={search_term_string}"},"query-input":{"@type":"PropertyValueSpecification","valueRequired":true,"valueName":"search_term_string"}}],"inLanguage":"en-US"},{"@type":"Organization","@id":"https:\/\/www.eadtrust.eu\/en\/#organization","name":"EADTrust","url":"https:\/\/www.eadtrust.eu\/en\/","logo":{"@type":"ImageObject","inLanguage":"en-US","@id":"https:\/\/www.eadtrust.eu\/en\/#\/schema\/logo\/image\/","url":"https:\/\/www.eadtrust.eu\/wp-content\/uploads\/2025\/02\/LOGO-POSITIVO-EAD-VERTICAL.png","contentUrl":"https:\/\/www.eadtrust.eu\/wp-content\/uploads\/2025\/02\/LOGO-POSITIVO-EAD-VERTICAL.png","width":838,"height":806,"caption":"EADTrust"},"image":{"@id":"https:\/\/www.eadtrust.eu\/en\/#\/schema\/logo\/image\/"}}]}},"_links":{"self":[{"href":"https:\/\/www.eadtrust.eu\/en\/wp-json\/wp\/v2\/pages\/1777","targetHints":{"allow":["GET"]}}],"collection":[{"href":"https:\/\/www.eadtrust.eu\/en\/wp-json\/wp\/v2\/pages"}],"about":[{"href":"https:\/\/www.eadtrust.eu\/en\/wp-json\/wp\/v2\/types\/page"}],"author":[{"embeddable":true,"href":"https:\/\/www.eadtrust.eu\/en\/wp-json\/wp\/v2\/users\/1"}],"replies":[{"embeddable":true,"href":"https:\/\/www.eadtrust.eu\/en\/wp-json\/wp\/v2\/comments?post=1777"}],"version-history":[{"count":4,"href":"https:\/\/www.eadtrust.eu\/en\/wp-json\/wp\/v2\/pages\/1777\/revisions"}],"predecessor-version":[{"id":3784,"href":"https:\/\/www.eadtrust.eu\/en\/wp-json\/wp\/v2\/pages\/1777\/revisions\/3784"}],"up":[{"embeddable":true,"href":"https:\/\/www.eadtrust.eu\/en\/wp-json\/wp\/v2\/pages\/1773"}],"wp:attachment":[{"href":"https:\/\/www.eadtrust.eu\/en\/wp-json\/wp\/v2\/media?parent=1777"}],"curies":[{"name":"wp","href":"https:\/\/api.w.org\/{rel}","templated":true}]}}